{"id":2499,"date":"2023-12-06T21:15:19","date_gmt":"2023-12-06T21:15:19","guid":{"rendered":"https:\/\/www.vridaofsweden.com\/?post_type=product&#038;p=2499"},"modified":"2026-02-06T15:33:41","modified_gmt":"2026-02-06T15:33:41","slug":"vrida-1-forlaengerarm-2m","status":"publish","type":"product","link":"https:\/\/www.vridaofsweden.com\/da\/product\/vrida-1-extension-arm-2m\/","title":{"rendered":"Vrida 1 forl\u00e6ngerarm 2m"},"content":{"rendered":"<h5 style=\"text-align: left;\"><strong>Derfor skal du v\u00e6lge Vrida 1 forl\u00e6ngerarm 2m<\/strong><\/h5>\n<ul style=\"text-align: left;\">\n<li>For det f\u00f8rste er Vrida-forl\u00e6ngerarmen p\u00e5 2 meter vores l\u00e6ngste arm, som er designet til alle, der \u00f8nsker at lave en lang forskydning af deres pendel. For eksempel, n\u00e5r pendlen h\u00e6nger i den forkerte del af rummet. Forskydningen er trinl\u00f8s mellem 38 cm og 150 cm.<\/li>\n<li>For det andet er Vrida-forl\u00e6ngerarmen til dem, der ikke kan lide at bore huller i loftet. Du h\u00e6nger forl\u00e6ngerarmen p\u00e5 et eksisterende loftudtag eller en loftskrog, hvilket betyder, at du undg\u00e5r enhver p\u00e5virkning af loftet. St\u00f8tteenden har en m\u00f8belpude og er ikke fastgjort til loftet. Forl\u00e6ngerarmen kan justeres igen og igen uden synlige spor i loftet. Du kan nemt tage forl\u00e6ngerarmen ned og bruge den i det n\u00e6ste rum eller endda i det n\u00e6ste hjem.<\/li>\n<li>For det tredje er Vrida en svenskproduceret og komplet l\u00f8sning, hvor al kabling er integreret i tr\u00e6armen. Med Vrida forl\u00e6ngerarm undg\u00e5r du derfor synlige kabler eller kl\u00e6berester fra oph\u00e6ngte kabelstrips i loftet. Loftudtaget er placeret for enden af forl\u00e6ngerarmen og kan drejes 360 grader fra det eksisterende loftudtag\/-krog.<\/li>\n<li>For det fjerde er Vrida velegnet til dig, der vil h\u00e6nge din pendel et nyt sted i rummet, omdekorere midlertidigt, n\u00e5r du har till\u00e6gspladen i bordet, eller bare gerne vil omdekorere ofte! Vrida passer til de fleste hjem og de fleste pendler.<\/li>\n<\/ul>\n<p style=\"text-align: left;\">Sammenfattende er Vrida 2 meter perfekt til dem, der er p\u00e5 udkig efter et svensk kvalitetsprodukt med funktion og design i topklasse.<\/p>\n<h5 style=\"text-align: left;\">DCL - ny EU-standard for loftsudtag<\/h5>\n<p style=\"text-align: left;\">N\u00e5r du k\u00f8ber en Vrida, f\u00f8lger der den nye type DCL-loftudtag med, som er i henhold til en f\u00e6lles EU-standard, der g\u00e6lder fra 1. april 2019. Vrida forl\u00e6ngerarme passer til b\u00e5de DCL-loftudtag og andre\/\u00e6ldre\/tidligere typer af loftskrog\/udtag, der har elektriciteten i n\u00e6rheden af loftskrogens\/udtagets placering.<\/p>\n<p style=\"text-align: left;\">N\u00e5r du bestiller en Vrida forl\u00e6ngerarm, medf\u00f8lger f\u00f8lgende to produkter gratis:<\/p>\n<p style=\"text-align: left;\"><a href=\"https:\/\/www.vrida.se\/butik\/lamppropp-jordad-aldre-standard\/\">Lampestik med jordforbindelse - \u00e6ldre standard SKU-5-250071<\/a><\/p>\n<p style=\"text-align: left;\"><a href=\"https:\/\/www.vrida.se\/butik\/dcl-lamppropp\/\">DCL-lampestik - SKU-5-1820208<\/a><\/p>\n<p style=\"text-align: left;\">Lampestikkene er af b\u00e5de den nye og \u00e6ldre standard, som bruges i Sverige og Finland. I andre lande anbefaler vi, at du tilslutter Vrida forl\u00e6ngerarm p\u00e5 samme m\u00e5de, som hvis du tilsluttede en pendel. Det betyder, at du som kunde kan installere den standard, som du har i dit hjem. Instruktioner til installation af et lampestik (b\u00e5de DCL og \u00e6ldre standard) kan findes her:<a href=\"https:\/\/www.vrida.se\/wp-content\/uploads\/2019\/03\/Anvisning-byte-fr\u00e5n-DCL-till-\u00e4ldre-stickpropp.pdf\"> Instruktioner til installation af et stik<\/a><\/p>\n<p>I nogle lande m\u00e5 elinstallationsarbejde kun udf\u00f8res af en autoriseret elinstallat\u00f8r. Kontakt din lokale elmyndighed for at f\u00e5 r\u00e5d.<\/p>\n<p>Instruktionsbog: <a href=\"https:\/\/www.vridaofsweden.com\/wp-content\/uploads\/2024\/04\/Instruction-manual-Vrida-1-2_1_eng.pdf\">Vrida 1 engelsk<\/a><\/p>\n<table cellspacing=\"0\" cellpadding=\"0\">\n<tbody>\n<tr>\n<td colspan=\"2\" valign=\"middle\">\n<h5><strong><span style=\"font-size: 16px;\">Specifikation<\/span><\/strong><\/h5>\n<\/td>\n<\/tr>\n<tr>\n<td valign=\"middle\">Bredde<\/td>\n<td valign=\"middle\">3,3 cm<\/td>\n<\/tr>\n<tr>\n<td valign=\"middle\">H\u00f8jde<\/td>\n<td valign=\"middle\">8,3 cm<\/td>\n<\/tr>\n<tr>\n<td valign=\"middle\">L\u00e6ngde<\/td>\n<td valign=\"middle\">199 cm<\/td>\n<\/tr>\n<tr>\n<td valign=\"middle\">Ledning<\/td>\n<td valign=\"middle\">Ja, integreret<\/td>\n<\/tr>\n<tr>\n<td valign=\"middle\">Lyskilde medf\u00f8lger<\/td>\n<td valign=\"middle\">\u00a0Nej, det er det ikke<\/td>\n<\/tr>\n<tr>\n<td valign=\"middle\">Stik<\/td>\n<td valign=\"middle\">Ja (til loftsstik)<\/td>\n<\/tr>\n<tr>\n<td valign=\"middle\">Maks. watt<\/td>\n<td valign=\"middle\">500 w<\/td>\n<\/tr>\n<tr>\n<td valign=\"middle\">Drejelig<\/td>\n<td valign=\"middle\">360\u00b0<\/td>\n<\/tr>\n<tr>\n<td valign=\"middle\">Skubbar<\/td>\n<td valign=\"middle\">38-150 cm (ved at flytte pendellampens position)<\/td>\n<\/tr>\n<tr>\n<td valign=\"middle\">Afstand til n\u00e6rmeste v\u00e6g<\/td>\n<td valign=\"middle\"><span style=\"font-family: inherit; font-size: 16px;\">Minimum 44 cm, n\u00e5r pendellampens position er 150 cm.<\/span><\/p>\n<p><span style=\"font-family: inherit; font-size: 16px;\">Minimum 156 cm, n\u00e5r pendellampens position er 38 cm.<\/span><\/p>\n<p><span style=\"font-family: inherit; font-size: 16px;\">Minimumsafstanden mellem den eksisterende loftskrog\/stik og v\u00e6ggen afh\u00e6nger af, hvor langt pendellampens nye position er fra den eksisterende loftskrog\/stik. Forl\u00e6ngerarmen har en st\u00f8tteende, som kr\u00e6ver plads i den modsatte retning af, hvor pendlen skal flyttes.<\/span><\/td>\n<\/tr>\n<tr>\n<td valign=\"middle\">Anbefalede v\u00e6gte<\/td>\n<td valign=\"middle\">Pendellampens v\u00e6gt| Mulig forskydning*<\/p>\n<p>0,5 kg 80 - 150 cm<\/p>\n<p>&lt; 2,0 kg 38 - 150 cm<\/p>\n<p>&lt; 3,0 kg 38 - 135 cm<\/p>\n<p>&lt; 4,0 kg 38 - 120 cm<\/p>\n<p>&lt; 5,0 kg 38 - 105 cm<\/p>\n<p>&lt; 6,0 kg 38 - 90 cm<\/p>\n<p>*Belastningen p\u00e5 det eksisterende loftsudtag afh\u00e6nger af v\u00e6gten p\u00e5 pendellampen, og hvor lang forskydning der foretages. Ovenfor er angivet mulige forskydninger ved forskellige v\u00e6gte. Hvis anbefalingerne f\u00f8lges, belastes den eksisterende loftskrog\/stikd\u00e5se ikke med mere end 15 kg. (15 kg er en almindelig maksimal v\u00e6gt p\u00e5 et DCL-loftsudtag).<br \/>\n<span style=\"text-decoration: underline;\">Det er dit ansvar at sikre, at <\/span><span style=\"text-decoration: underline;\">dit tagudtag kan klare belastningen.<\/span><\/td>\n<\/tr>\n<\/tbody>\n<\/table>","protected":false},"excerpt":{"rendered":"<p><span style=\"color: #ff0000;\">Dette produkt er ikke p\u00e5 lager og vil ikke blive genopfyldt. Hvis du er interesseret i denne model, kan den stadig v\u00e6re tilg\u00e6ngelig hos vores forhandlere, s\u00e5 tjek med dem. Vi arbejder i \u00f8jeblikket p\u00e5 at udvikle nye produkter, som skal erstatte de tidligere modeller, med en planlagt lancering i for\u00e5ret 2026.<\/span><\/p>\n<p><span style=\"color: #ff0000;\">Du er velkommen til at sende os en e-mail p\u00e5 info@vrida.se med oplysninger om, hvilken model du er interesseret i, eller hvor langt du vil flytte din lampe, s\u00e5 vender vi tilbage til dig, n\u00e5r erstatningsproduktet kan bestilles.<\/span><\/p>\n<p><span style=\"color: #ff0000;\">Hav en god dag, alle sammen!<\/span><\/p>\n<p>Vrida-forl\u00e6ngerarmen til en pendel er fremstillet i Sverige af tr\u00e6 og metal og giver dig mulighed for at flytte pendlen trinl\u00f8st.<span style=\"color: #ff0000;\"> mellem 38 og 150 cm<\/span>. Forl\u00e6ngerarmen kan ogs\u00e5 drejes 360\u00b0, s\u00e5 du kan placere din pendel pr\u00e6cis, hvor du vil, uden at skulle bore nye huller i loftet! Forl\u00e6ngerarmen er nem at installere, og du beh\u00f8ver ikke se nogen ekstra ledninger i loftet, fordi Vrida har integreret elektricitet og h\u00e6nges p\u00e5 den eksisterende loftskrog\/stik p\u00e5 samme m\u00e5de som en almindelig pendel.<\/p>\n<p>Vrida forl\u00e6ngerarme st\u00e5r for fleksibilitet, enkelhed og tidl\u00f8st nordisk design.<\/p>\n<p>I filmen nedenfor kan du se, hvordan Vrida-forl\u00e6ngerarmen fungerer (filmen viser en l\u00e6ngde p\u00e5 1,5 meter, men funktionen er den samme for alle l\u00e6ngder).<\/p>\n<p><iframe src=\"https:\/\/www.youtube.com\/embed\/HLVaBLjQjKc?start=2\" width=\"560\" height=\"315\" frameborder=\"0\" allowfullscreen=\"allowfullscreen\" data-mce-fragment=\"1\"><\/iframe><br \/>\n<iframe src=\"https:\/\/www.youtube.com\/embed\/tXxxDeOf26E?controls=0\" width=\"560\" height=\"315\" frameborder=\"0\" allowfullscreen=\"allowfullscreen\" data-mce-fragment=\"1\"><\/iframe><\/p>\n<p>Forl\u00e6ngerarmen leveres i hvid farve.<\/p>","protected":false},"featured_media":3084,"template":"","meta":{"site-sidebar-layout":"default","site-content-layout":"","ast-site-content-layout":"default","site-content-style":"default","site-sidebar-style":"default","ast-global-header-display":"","ast-banner-title-visibility":"","ast-main-header-display":"","ast-hfb-above-header-display":"","ast-hfb-below-header-display":"","ast-hfb-mobile-header-display":"","site-post-title":"","ast-breadcrumbs-content":"","ast-featured-img":"","footer-sml-layout":"","ast-disable-related-posts":"","theme-transparent-header-meta":"default","adv-header-id-meta":"","stick-header-meta":"","header-above-stick-meta":"","header-main-stick-meta":"","header-below-stick-meta":"","astra-migrate-meta-layouts":"set","ast-page-background-enabled":"default","ast-page-background-meta":{"desktop":{"background-color":"var(--ast-global-color-4)","background-image":"","background-repeat":"repeat","background-position":"center center","background-size":"auto","background-attachment":"scroll","background-type":"","background-media":"","overlay-type":"","overlay-color":"","overlay-opacity":"","overlay-gradient":""},"tablet":{"background-color":"","background-image":"","background-repeat":"repeat","background-position":"center center","background-size":"auto","background-attachment":"scroll","background-type":"","background-media":"","overlay-type":"","overlay-color":"","overlay-opacity":"","overlay-gradient":""},"mobile":{"background-color":"","background-image":"","background-repeat":"repeat","background-position":"center center","background-size":"auto","background-attachment":"scroll","background-type":"","background-media":"","overlay-type":"","overlay-color":"","overlay-opacity":"","overlay-gradient":""}},"ast-content-background-meta":{"desktop":{"background-color":"var(--ast-global-color-5)","background-image":"","background-repeat":"repeat","background-position":"center center","background-size":"auto","background-attachment":"scroll","background-type":"","background-media":"","overlay-type":"","overlay-color":"","overlay-opacity":"","overlay-gradient":""},"tablet":{"background-color":"var(--ast-global-color-5)","background-image":"","background-repeat":"repeat","background-position":"center center","background-size":"auto","background-attachment":"scroll","background-type":"","background-media":"","overlay-type":"","overlay-color":"","overlay-opacity":"","overlay-gradient":""},"mobile":{"background-color":"var(--ast-global-color-5)","background-image":"","background-repeat":"repeat","background-position":"center center","background-size":"auto","background-attachment":"scroll","background-type":"","background-media":"","overlay-type":"","overlay-color":"","overlay-opacity":"","overlay-gradient":""}}},"product_brand":[],"product_cat":[29],"product_tag":[],"class_list":{"0":"post-2499","1":"product","2":"type-product","3":"status-publish","4":"has-post-thumbnail","6":"product_cat-vrida-1-extension-arm","7":"desktop-align-left","8":"tablet-align-left","9":"mobile-align-left","11":"first","12":"outofstock","13":"taxable","14":"shipping-taxable","15":"purchasable","16":"product-type-simple"},"yoast_head":"<!-- This site is optimized with the Yoast SEO plugin v27.5 - https:\/\/yoast.com\/product\/yoast-seo-wordpress\/ -->\n<title>Vrida 1 extension arm 2m - Vrida of Sweden<\/title>\n<meta name=\"robots\" content=\"index, follow, max-snippet:-1, max-image-preview:large, max-video-preview:-1\" \/>\n<link rel=\"canonical\" href=\"https:\/\/www.vridaofsweden.com\/da\/vare\/vrida-1-forlaengerarm-2m\/\" \/>\n<meta property=\"og:locale\" content=\"da_DK\" \/>\n<meta property=\"og:type\" content=\"article\" \/>\n<meta property=\"og:title\" content=\"Vrida 1 extension arm 2m - Vrida of Sweden\" \/>\n<meta property=\"og:description\" content=\"This product is out of stock and will not be restocked. If you are interested in this model, it may still be available at our retailers, so please check with them. We are currently working on developing new products that will replace the previous models, with a planned launch in spring 2026.  You are welcome to email us at info@vrida.se with which model you are interested in or how far you want to move your lamp and we will get back to you when the replacement product is available for order.  Have a nice day everyone!  The Vrida extension arm for one pendant light is made in Sweden from wood and metal and allows you to move the pendant light steplessly between 38 - 150 cm. The extension arm can also be rotated 360\u00b0, allowing you to place your pendant light exactly where you want, without having to drill new holes in the ceiling! The extension arm is easy to install and you don&#039;t have to see any extra wires in the ceiling because Vrida has integrated electricity and is hung on the existing ceiling hook\/socket in the same way as a regular pendant lamp.  Vrida extension arms stands for flexibility, simplicity and timeless Nordic design.  In the film below you can see how the Vrida extension arm works (the film shows a 1.5 meter length but the function is the same for all lengths).     The extension arm is delivered in white colour.\" \/>\n<meta property=\"og:url\" content=\"https:\/\/www.vridaofsweden.com\/da\/vare\/vrida-1-forlaengerarm-2m\/\" \/>\n<meta property=\"og:site_name\" content=\"Vrida of Sweden\" \/>\n<meta property=\"article:publisher\" content=\"https:\/\/www.facebook.com\/vridaofsweden\" \/>\n<meta property=\"article:modified_time\" content=\"2026-02-06T15:33:41+00:00\" \/>\n<meta property=\"og:image\" content=\"https:\/\/www.vridaofsweden.com\/wp-content\/uploads\/2024\/04\/Vrida-1-extension-arm-2meter-grey-PH-lamp-scaled.jpg\" \/>\n\t<meta property=\"og:image:width\" content=\"2560\" \/>\n\t<meta property=\"og:image:height\" content=\"2543\" \/>\n\t<meta property=\"og:image:type\" content=\"image\/jpeg\" \/>\n<meta name=\"twitter:card\" content=\"summary_large_image\" \/>\n<meta name=\"twitter:label1\" content=\"Estimeret l\u00e6setid\" \/>\n\t<meta name=\"twitter:data1\" content=\"4 minutter\" \/>\n<script type=\"application\/ld+json\" class=\"yoast-schema-graph\">{\"@context\":\"https:\\\/\\\/schema.org\",\"@graph\":[{\"@type\":\"WebPage\",\"@id\":\"https:\\\/\\\/www.vridaofsweden.com\\\/product\\\/vrida-1-extension-arm-2m\\\/\",\"url\":\"https:\\\/\\\/www.vridaofsweden.com\\\/product\\\/vrida-1-extension-arm-2m\\\/\",\"name\":\"Vrida 1 extension arm 2m - Vrida of Sweden\",\"isPartOf\":{\"@id\":\"https:\\\/\\\/www.vridaofsweden.com\\\/#website\"},\"primaryImageOfPage\":{\"@id\":\"https:\\\/\\\/www.vridaofsweden.com\\\/product\\\/vrida-1-extension-arm-2m\\\/#primaryimage\"},\"image\":{\"@id\":\"https:\\\/\\\/www.vridaofsweden.com\\\/product\\\/vrida-1-extension-arm-2m\\\/#primaryimage\"},\"thumbnailUrl\":\"https:\\\/\\\/www.vridaofsweden.com\\\/wp-content\\\/uploads\\\/2024\\\/04\\\/Vrida-1-extension-arm-2meter-grey-PH-lamp-scaled.jpg\",\"datePublished\":\"2023-12-06T21:15:19+00:00\",\"dateModified\":\"2026-02-06T15:33:41+00:00\",\"breadcrumb\":{\"@id\":\"https:\\\/\\\/www.vridaofsweden.com\\\/product\\\/vrida-1-extension-arm-2m\\\/#breadcrumb\"},\"inLanguage\":\"da-DK\",\"potentialAction\":[{\"@type\":\"ReadAction\",\"target\":[\"https:\\\/\\\/www.vridaofsweden.com\\\/product\\\/vrida-1-extension-arm-2m\\\/\"]}]},{\"@type\":\"ImageObject\",\"inLanguage\":\"da-DK\",\"@id\":\"https:\\\/\\\/www.vridaofsweden.com\\\/product\\\/vrida-1-extension-arm-2m\\\/#primaryimage\",\"url\":\"https:\\\/\\\/www.vridaofsweden.com\\\/wp-content\\\/uploads\\\/2024\\\/04\\\/Vrida-1-extension-arm-2meter-grey-PH-lamp-scaled.jpg\",\"contentUrl\":\"https:\\\/\\\/www.vridaofsweden.com\\\/wp-content\\\/uploads\\\/2024\\\/04\\\/Vrida-1-extension-arm-2meter-grey-PH-lamp-scaled.jpg\",\"width\":2560,\"height\":2543,\"caption\":\"Two meter extension arm with a PH5 pendant lamp\"},{\"@type\":\"BreadcrumbList\",\"@id\":\"https:\\\/\\\/www.vridaofsweden.com\\\/product\\\/vrida-1-extension-arm-2m\\\/#breadcrumb\",\"itemListElement\":[{\"@type\":\"ListItem\",\"position\":1,\"name\":\"Home\",\"item\":\"https:\\\/\\\/www.vridaofsweden.com\\\/\"},{\"@type\":\"ListItem\",\"position\":2,\"name\":\"Shop\",\"item\":\"https:\\\/\\\/www.vridaofsweden.com\\\/shop\\\/\"},{\"@type\":\"ListItem\",\"position\":3,\"name\":\"Vrida 1 extension arm 2m\"}]},{\"@type\":\"WebSite\",\"@id\":\"https:\\\/\\\/www.vridaofsweden.com\\\/#website\",\"url\":\"https:\\\/\\\/www.vridaofsweden.com\\\/\",\"name\":\"Vrida of Sweden\",\"description\":\"move your pendant light\",\"publisher\":{\"@id\":\"https:\\\/\\\/www.vridaofsweden.com\\\/#organization\"},\"potentialAction\":[{\"@type\":\"SearchAction\",\"target\":{\"@type\":\"EntryPoint\",\"urlTemplate\":\"https:\\\/\\\/www.vridaofsweden.com\\\/?s={search_term_string}\"},\"query-input\":{\"@type\":\"PropertyValueSpecification\",\"valueRequired\":true,\"valueName\":\"search_term_string\"}}],\"inLanguage\":\"da-DK\"},{\"@type\":\"Organization\",\"@id\":\"https:\\\/\\\/www.vridaofsweden.com\\\/#organization\",\"name\":\"Vrida of Sweden\",\"url\":\"https:\\\/\\\/www.vridaofsweden.com\\\/\",\"logo\":{\"@type\":\"ImageObject\",\"inLanguage\":\"da-DK\",\"@id\":\"https:\\\/\\\/www.vridaofsweden.com\\\/#\\\/schema\\\/logo\\\/image\\\/\",\"url\":\"https:\\\/\\\/www.vridaofsweden.com\\\/wp-content\\\/uploads\\\/2023\\\/09\\\/Logotype-Vrida-PNG-1.png\",\"contentUrl\":\"https:\\\/\\\/www.vridaofsweden.com\\\/wp-content\\\/uploads\\\/2023\\\/09\\\/Logotype-Vrida-PNG-1.png\",\"width\":447,\"height\":254,\"caption\":\"Vrida of Sweden\"},\"image\":{\"@id\":\"https:\\\/\\\/www.vridaofsweden.com\\\/#\\\/schema\\\/logo\\\/image\\\/\"},\"sameAs\":[\"https:\\\/\\\/www.facebook.com\\\/vridaofsweden\",\"https:\\\/\\\/www.tiktok.com\\\/@vridaofsweden\",\"https:\\\/\\\/www.instagram.com\\\/vridaofsweden\\\/\"]}]}<\/script>\n<!-- \/ Yoast SEO plugin. -->","yoast_head_json":{"title":"Vrida 1 forl\u00e6ngerarm 2m - Vrida of Sweden","robots":{"index":"index","follow":"follow","max-snippet":"max-snippet:-1","max-image-preview":"max-image-preview:large","max-video-preview":"max-video-preview:-1"},"canonical":"https:\/\/www.vridaofsweden.com\/da\/vare\/vrida-1-forlaengerarm-2m\/","og_locale":"da_DK","og_type":"article","og_title":"Vrida 1 extension arm 2m - Vrida of Sweden","og_description":"This product is out of stock and will not be restocked. If you are interested in this model, it may still be available at our retailers, so please check with them. We are currently working on developing new products that will replace the previous models, with a planned launch in spring 2026.  You are welcome to email us at info@vrida.se with which model you are interested in or how far you want to move your lamp and we will get back to you when the replacement product is available for order.  Have a nice day everyone!  The Vrida extension arm for one pendant light is made in Sweden from wood and metal and allows you to move the pendant light steplessly between 38 - 150 cm. The extension arm can also be rotated 360\u00b0, allowing you to place your pendant light exactly where you want, without having to drill new holes in the ceiling! The extension arm is easy to install and you don't have to see any extra wires in the ceiling because Vrida has integrated electricity and is hung on the existing ceiling hook\/socket in the same way as a regular pendant lamp.  Vrida extension arms stands for flexibility, simplicity and timeless Nordic design.  In the film below you can see how the Vrida extension arm works (the film shows a 1.5 meter length but the function is the same for all lengths).     The extension arm is delivered in white colour.","og_url":"https:\/\/www.vridaofsweden.com\/da\/vare\/vrida-1-forlaengerarm-2m\/","og_site_name":"Vrida of Sweden","article_publisher":"https:\/\/www.facebook.com\/vridaofsweden","article_modified_time":"2026-02-06T15:33:41+00:00","og_image":[{"width":2560,"height":2543,"url":"https:\/\/www.vridaofsweden.com\/wp-content\/uploads\/2024\/04\/Vrida-1-extension-arm-2meter-grey-PH-lamp-scaled.jpg","type":"image\/jpeg"}],"twitter_card":"summary_large_image","twitter_misc":{"Estimeret l\u00e6setid":"4 minutter"},"schema":{"@context":"https:\/\/schema.org","@graph":[{"@type":"WebPage","@id":"https:\/\/www.vridaofsweden.com\/product\/vrida-1-extension-arm-2m\/","url":"https:\/\/www.vridaofsweden.com\/product\/vrida-1-extension-arm-2m\/","name":"Vrida 1 forl\u00e6ngerarm 2m - Vrida of Sweden","isPartOf":{"@id":"https:\/\/www.vridaofsweden.com\/#website"},"primaryImageOfPage":{"@id":"https:\/\/www.vridaofsweden.com\/product\/vrida-1-extension-arm-2m\/#primaryimage"},"image":{"@id":"https:\/\/www.vridaofsweden.com\/product\/vrida-1-extension-arm-2m\/#primaryimage"},"thumbnailUrl":"https:\/\/www.vridaofsweden.com\/wp-content\/uploads\/2024\/04\/Vrida-1-extension-arm-2meter-grey-PH-lamp-scaled.jpg","datePublished":"2023-12-06T21:15:19+00:00","dateModified":"2026-02-06T15:33:41+00:00","breadcrumb":{"@id":"https:\/\/www.vridaofsweden.com\/product\/vrida-1-extension-arm-2m\/#breadcrumb"},"inLanguage":"da-DK","potentialAction":[{"@type":"ReadAction","target":["https:\/\/www.vridaofsweden.com\/product\/vrida-1-extension-arm-2m\/"]}]},{"@type":"ImageObject","inLanguage":"da-DK","@id":"https:\/\/www.vridaofsweden.com\/product\/vrida-1-extension-arm-2m\/#primaryimage","url":"https:\/\/www.vridaofsweden.com\/wp-content\/uploads\/2024\/04\/Vrida-1-extension-arm-2meter-grey-PH-lamp-scaled.jpg","contentUrl":"https:\/\/www.vridaofsweden.com\/wp-content\/uploads\/2024\/04\/Vrida-1-extension-arm-2meter-grey-PH-lamp-scaled.jpg","width":2560,"height":2543,"caption":"Two meter extension arm with a PH5 pendant lamp"},{"@type":"BreadcrumbList","@id":"https:\/\/www.vridaofsweden.com\/product\/vrida-1-extension-arm-2m\/#breadcrumb","itemListElement":[{"@type":"ListItem","position":1,"name":"Home","item":"https:\/\/www.vridaofsweden.com\/"},{"@type":"ListItem","position":2,"name":"Shop","item":"https:\/\/www.vridaofsweden.com\/shop\/"},{"@type":"ListItem","position":3,"name":"Vrida 1 extension arm 2m"}]},{"@type":"WebSite","@id":"https:\/\/www.vridaofsweden.com\/#website","url":"https:\/\/www.vridaofsweden.com\/","name":"Vrida of Sweden","description":"Flyt din pendel","publisher":{"@id":"https:\/\/www.vridaofsweden.com\/#organization"},"potentialAction":[{"@type":"SearchAction","target":{"@type":"EntryPoint","urlTemplate":"https:\/\/www.vridaofsweden.com\/?s={search_term_string}"},"query-input":{"@type":"PropertyValueSpecification","valueRequired":true,"valueName":"search_term_string"}}],"inLanguage":"da-DK"},{"@type":"Organization","@id":"https:\/\/www.vridaofsweden.com\/#organization","name":"Vrida of Sweden","url":"https:\/\/www.vridaofsweden.com\/","logo":{"@type":"ImageObject","inLanguage":"da-DK","@id":"https:\/\/www.vridaofsweden.com\/#\/schema\/logo\/image\/","url":"https:\/\/www.vridaofsweden.com\/wp-content\/uploads\/2023\/09\/Logotype-Vrida-PNG-1.png","contentUrl":"https:\/\/www.vridaofsweden.com\/wp-content\/uploads\/2023\/09\/Logotype-Vrida-PNG-1.png","width":447,"height":254,"caption":"Vrida of Sweden"},"image":{"@id":"https:\/\/www.vridaofsweden.com\/#\/schema\/logo\/image\/"},"sameAs":["https:\/\/www.facebook.com\/vridaofsweden","https:\/\/www.tiktok.com\/@vridaofsweden","https:\/\/www.instagram.com\/vridaofsweden\/"]}]}},"_links":{"self":[{"href":"https:\/\/www.vridaofsweden.com\/da\/wp-json\/wp\/v2\/product\/2499","targetHints":{"allow":["GET"]}}],"collection":[{"href":"https:\/\/www.vridaofsweden.com\/da\/wp-json\/wp\/v2\/product"}],"about":[{"href":"https:\/\/www.vridaofsweden.com\/da\/wp-json\/wp\/v2\/types\/product"}],"wp:featuredmedia":[{"embeddable":true,"href":"https:\/\/www.vridaofsweden.com\/da\/wp-json\/wp\/v2\/media\/3084"}],"wp:attachment":[{"href":"https:\/\/www.vridaofsweden.com\/da\/wp-json\/wp\/v2\/media?parent=2499"}],"wp:term":[{"taxonomy":"product_brand","embeddable":true,"href":"https:\/\/www.vridaofsweden.com\/da\/wp-json\/wp\/v2\/product_brand?post=2499"},{"taxonomy":"product_cat","embeddable":true,"href":"https:\/\/www.vridaofsweden.com\/da\/wp-json\/wp\/v2\/product_cat?post=2499"},{"taxonomy":"product_tag","embeddable":true,"href":"https:\/\/www.vridaofsweden.com\/da\/wp-json\/wp\/v2\/product_tag?post=2499"}],"curies":[{"name":"wp","href":"https:\/\/api.w.org\/{rel}","templated":true}]}}