{"id":2512,"date":"2023-12-07T12:48:02","date_gmt":"2023-12-07T12:48:02","guid":{"rendered":"https:\/\/www.vridaofsweden.com\/?post_type=product&#038;p=2512"},"modified":"2026-03-18T11:57:17","modified_gmt":"2026-03-18T11:57:17","slug":"vrida-light-forlaengerarm","status":"publish","type":"product","link":"https:\/\/www.vridaofsweden.com\/da\/product\/vrida-light-extension-arm\/","title":{"rendered":"Vrida Light forl\u00e6ngerarm"},"content":{"rendered":"<p>Forl\u00e6ngerarmen Vrida Light er til alle, der \u00f8nsker at flytte en lampesk\u00e6rm uden at bore huller i loftet. Og samtidig ikke \u00f8nsker at have ekstra kabler h\u00e6ngende i loftet. Da du kan h\u00e6nge forl\u00e6ngerarmen p\u00e5 en eksisterende loftsudtag eller loftskrog, undg\u00e5r du at beskadige loftet. Du kan justere Vrida Light-forl\u00e6ngerarmen igen og igen uden synlige spor i loftet. Med andre ord er Vrida Light-forl\u00e6ngerarmen perfekt til alle, der er p\u00e5 udkig efter et svenskproduceret kvalitetsprodukt med funktion og design i topklasse.<\/p>\n<p>Uden belastning fra en h\u00e6ngende lampesk\u00e6rm kan du flytte den n\u00f8gne p\u00e6re 55 - 91 cm fra loftskrogen\/soklen. Med en belastning fra en valgfri lampesk\u00e6rm p\u00e5 mellem 1-2 kg kan du flytte lampesk\u00e6rmen 21 - 91 cm fra loftskrogen\/stikket. Det smarte er, at forl\u00e6ngerarmen ogs\u00e5 kan drejes 360 grader. Det g\u00f8r placeringsmulighederne n\u00e6sten uendelige.<\/p>\n<p>Vi fremstiller Vrida Light forl\u00e6ngerarm af aluminium. Vrida Light f\u00e5s i tre farver: hvid, sort og ogs\u00e5 i ubehandlet aluminium. Den ubehandlede aluminiumsversion er ikke poleret. Den har en r\u00e5 karakter med synlige spor af fremstillingsprocessen, hvilket giver et industrielt indtryk.<\/p>\n<p>Forl\u00e6ngerarmen Vrida Light til at flytte den h\u00e6ngende lampesk\u00e6rm\/ n\u00f8gne p\u00e6re har ikke en loftsfatning som vores andre produkter og kan derfor ikke kombineres med en pendel, der har brug for en loftskrog for at h\u00e6nge. Hvis du har en pendellampe, der kr\u00e6ver en loftsfatning\/loftskrog. Se vores andre produkter <a href=\"https:\/\/www.vridaofsweden.com\/da\/vare\/vrida-1-forlaengerarm-1m\/\">Vrida 1 forl\u00e6ngerarm<\/a> - til en pendel. Eller <a href=\"https:\/\/www.vridaofsweden.com\/da\/vare\/vrida-2-forlaengerarm-15-m\/\">Vrida 2 forl\u00e6ngerarm<\/a> og <a href=\"https:\/\/www.vridaofsweden.com\/da\/vare\/vrida-duo-forlaengerarm\/\">Vrida Duo forl\u00e6ngerarm<\/a> - til to pendellamper.<\/p>\n<h5 style=\"text-align: left;\"><strong>Derfor skal du v\u00e6lge Vrida Light-forl\u00e6ngerarmen<\/strong><\/h5>\n<ul style=\"text-align: left;\">\n<li>For det f\u00f8rste er Vrida Light-forl\u00e6ngerarmen et armatur og et justerbart ledningss\u00e6t med en integreret tekstilledning. Den leveres med E27-lampeholder, som er velegnet til alle, der \u00f8nsker en fleksibel l\u00f8sning. Hvis du vil \u00e6ndre placeringen af lampesk\u00e6rmen\/den n\u00f8gne p\u00e6re. Du flytter blot lampesk\u00e6rmen ved at dreje og skubbe forl\u00e6ngerarmen til den \u00f8nskede position i rummet. For eksempel n\u00e5r den h\u00e6ngende lampesk\u00e6rm h\u00e6nger centreret over bordet.<\/li>\n<li>For det andet er Vrida Light-forl\u00e6ngerarmen til dem, der ikke bryder sig om at bore huller i loftet. Du h\u00e6nger forl\u00e6ngerarmen p\u00e5 en eksisterende loftskontakt eller loftskrog. Det betyder, at du ikke beh\u00f8ver at beskadige loftet. Du kan justere forl\u00e6ngerarmen igen og igen uden synlige spor i loftet. Du kan ogs\u00e5 nemt tage forl\u00e6ngerarmen ned og bruge den i det n\u00e6ste rum. Eller endda i det n\u00e6ste hjem.<\/li>\n<li>For det tredje laver vi Vrida Light forl\u00e6ngerarm i Sverige med alle kabler integreret i armen. Med Vrida undg\u00e5r du derfor synlige kabler eller kl\u00e6berester fra oph\u00e6ngte kabelstrips i loftet. Tekstilledningss\u00e6ttet med E27-lampeholder har sin udgang for enden af forl\u00e6ngerarmen. Du kan dreje forl\u00e6ngerarmen 360 grader fra den eksisterende loftd\u00e5se\/loftkrog.<\/li>\n<li>For det fjerde passer Vrida Light dig, hvis du vil h\u00e6nge din h\u00e6ngelampesk\u00e6rm et nyt sted i rummet, omm\u00f8blere midlertidigt, n\u00e5r du har forl\u00e6ngelsespladen i bordet, eller bare gerne vil omm\u00f8blere ofte! Vrida passer derfor til de fleste hjem og de fleste h\u00e6ngelampesk\u00e6rme, der har en E27-fatning.<\/li>\n<\/ul>\n<p style=\"text-align: left;\">Sammenfattende er Vrida Light forl\u00e6ngerarm perfekt til dem, der leder efter et svensk kvalitetsprodukt med funktion og design i topklasse.<\/p>\n<p style=\"text-align: left;\">I nogle lande m\u00e5 elinstallationsarbejde kun udf\u00f8res af en autoriseret elinstallat\u00f8r. Kontakt din lokale elmyndighed for at f\u00e5 r\u00e5d.<\/p>\n<p>Instruktionsbog: <a href=\"https:\/\/www.vridaofsweden.com\/wp-content\/uploads\/2024\/04\/Instruction-manual-Vrida-light-1_5_eng-1.pdf\">Vrida Light engelsk<\/a><\/p>\n<table cellspacing=\"0\" cellpadding=\"0\">\n<tbody>\n<tr>\n<td colspan=\"2\" valign=\"middle\">\n<h5><strong><span style=\"font-size: 16px;\">Specifikation<\/span><\/strong><\/h5>\n<\/td>\n<\/tr>\n<tr>\n<td valign=\"middle\">Bredde<\/td>\n<td valign=\"middle\">2,5 cm<\/td>\n<\/tr>\n<tr>\n<td valign=\"middle\">H\u00f8jde<\/td>\n<td valign=\"middle\">6,0 cm<\/td>\n<\/tr>\n<tr>\n<td valign=\"middle\">L\u00e6ngde<\/td>\n<td valign=\"middle\">113 cm<\/td>\n<\/tr>\n<tr>\n<td valign=\"middle\">Ledning<\/td>\n<td valign=\"middle\">Ja, integreret tekstilledningss\u00e6t inklusive E27-lampeholder<\/td>\n<\/tr>\n<tr>\n<td valign=\"middle\">P\u00e6re\/ lampesk\u00e6rm<\/td>\n<td valign=\"middle\">\u00a0Ikke inkluderet.<\/td>\n<\/tr>\n<tr>\n<td valign=\"middle\">Stik<\/td>\n<td valign=\"middle\">Ikke inkluderet (k\u00f8bes separat)<\/td>\n<\/tr>\n<tr>\n<td valign=\"middle\">Maks. watt<\/td>\n<td valign=\"middle\">60 w<\/td>\n<\/tr>\n<tr>\n<td valign=\"middle\">Drejelig<\/td>\n<td valign=\"middle\">360\u00b0<\/td>\n<\/tr>\n<tr>\n<td valign=\"middle\">Skubbar<\/td>\n<td valign=\"middle\">21-91 cm (ved at flytte lampesk\u00e6rmens position)<\/td>\n<\/tr>\n<tr>\n<td valign=\"middle\">Afstand til n\u00e6rmeste v\u00e6g<\/td>\n<td valign=\"middle\"><span style=\"font-family: inherit; font-size: 16px;\">Minimum 23 cm, n\u00e5r omplaceringen af lampesk\u00e6rmen\/p\u00e6ren er 91 cm.<\/span><\/p>\n<p><span style=\"font-family: inherit; font-size: 16px;\">Minimum 93 cm, n\u00e5r omplaceringen af lampesk\u00e6rmen\/p\u00e6ren er 21 cm.<\/span><\/p>\n<p><span style=\"font-family: inherit; font-size: 16px;\">Minimumsafstanden mellem den eksisterende loftskrog\/stik og v\u00e6ggen afh\u00e6nger af, hvor langt lampesk\u00e6rmens\/p\u00e6rens nye position er fra den eksisterende loftskrog\/stik. Forl\u00e6ngerarmen har en st\u00f8tteende, som kr\u00e6ver plads i modsat retning af, hvor lampesk\u00e6rmen\/p\u00e6ren skal flyttes.<\/span><\/td>\n<\/tr>\n<tr>\n<td valign=\"middle\">Anbefalede v\u00e6gte<\/td>\n<td valign=\"middle\">Uden belastning (fra lampesk\u00e6rm\/lysp\u00e6re) 55 - 91 cm<\/p>\n<p>Med belastning 1-2 kg (fra lampesk\u00e6rm\/p\u00e6re) 21 - 91 cm. Maksimal belastning: 2,0 kg<\/p>\n<p>Belastningen p\u00e5 den eksisterende loftsfatning\/loftskrog afh\u00e6nger af lampesk\u00e6rmens\/p\u00e6rens v\u00e6gt, og hvor langt du flytter den. Hvis ovenst\u00e5ende anbefalinger f\u00f8lges, vil den eksisterende loftsfatning\/loftskrog ikke blive belastet med mere end 15 kg (15 kg er den s\u00e6dvanlige maksimale belastning p\u00e5 en loftsfatning\/loftskrog). <span style=\"text-decoration: underline;\">Det er dit eget ansvar at sikre, at din loftd\u00e5se\/loftkrog kan holde til belastningen.<\/span><\/td>\n<\/tr>\n<\/tbody>\n<\/table>","protected":false},"excerpt":{"rendered":"<p>Vrida Light forl\u00e6ngerarm er vores model, der i sig selv er et armatur og muligg\u00f8r en mere fleksibel m\u00f8blering, hvor du kan flytte den h\u00e6ngende lampesk\u00e6rm eller bare en p\u00e6re til et nyt sted i rummet. Vi leverer forl\u00e6ngerarmen komplet med tekstilledning og E27-lampeholder, som du nemt kan montere p\u00e5 enhver h\u00e6ngende lampesk\u00e6rm med E-27-beslag eller bare en n\u00f8gen p\u00e6re. Vrida Light er et justerbart ledningss\u00e6t til pendelsk\u00e6rme. I mods\u00e6tning til nogle andre produkter p\u00e5 markedet kan du med vores Vrida-arme altid skjule den overskydende ledning i armen, s\u00e5 du ikke har synlige ledninger h\u00e6ngende p\u00e5 ydersiden. Vrida Light forl\u00e6ngerarm vandt prisen \"Bedste nye produkt inden for belysning\", se mere om produktet nedenfor:<\/p>\n<p><iframe src=\"https:\/\/www.youtube.com\/embed\/q8ffxhVXwpU?controls=0\" width=\"187\" height=\"105\" frameborder=\"0\" allowfullscreen=\"allowfullscreen\" data-mce-fragment=\"1\"><\/iframe><br \/>\n<iframe src=\"https:\/\/www.youtube.com\/embed\/hs-ZrfRlYsE?controls=0\" width=\"187\" height=\"105\" frameborder=\"0\" allowfullscreen=\"allowfullscreen\" data-mce-fragment=\"1\"><\/iframe><\/p>","protected":false},"featured_media":3097,"template":"","meta":{"site-sidebar-layout":"default","site-content-layout":"","ast-site-content-layout":"default","site-content-style":"default","site-sidebar-style":"default","ast-global-header-display":"","ast-banner-title-visibility":"","ast-main-header-display":"","ast-hfb-above-header-display":"","ast-hfb-below-header-display":"","ast-hfb-mobile-header-display":"","site-post-title":"","ast-breadcrumbs-content":"","ast-featured-img":"","footer-sml-layout":"","ast-disable-related-posts":"","theme-transparent-header-meta":"default","adv-header-id-meta":"","stick-header-meta":"","header-above-stick-meta":"","header-main-stick-meta":"","header-below-stick-meta":"","astra-migrate-meta-layouts":"set","ast-page-background-enabled":"default","ast-page-background-meta":{"desktop":{"background-color":"var(--ast-global-color-4)","background-image":"","background-repeat":"repeat","background-position":"center center","background-size":"auto","background-attachment":"scroll","background-type":"","background-media":"","overlay-type":"","overlay-color":"","overlay-opacity":"","overlay-gradient":""},"tablet":{"background-color":"","background-image":"","background-repeat":"repeat","background-position":"center center","background-size":"auto","background-attachment":"scroll","background-type":"","background-media":"","overlay-type":"","overlay-color":"","overlay-opacity":"","overlay-gradient":""},"mobile":{"background-color":"","background-image":"","background-repeat":"repeat","background-position":"center center","background-size":"auto","background-attachment":"scroll","background-type":"","background-media":"","overlay-type":"","overlay-color":"","overlay-opacity":"","overlay-gradient":""}},"ast-content-background-meta":{"desktop":{"background-color":"var(--ast-global-color-5)","background-image":"","background-repeat":"repeat","background-position":"center center","background-size":"auto","background-attachment":"scroll","background-type":"","background-media":"","overlay-type":"","overlay-color":"","overlay-opacity":"","overlay-gradient":""},"tablet":{"background-color":"var(--ast-global-color-5)","background-image":"","background-repeat":"repeat","background-position":"center center","background-size":"auto","background-attachment":"scroll","background-type":"","background-media":"","overlay-type":"","overlay-color":"","overlay-opacity":"","overlay-gradient":""},"mobile":{"background-color":"var(--ast-global-color-5)","background-image":"","background-repeat":"repeat","background-position":"center center","background-size":"auto","background-attachment":"scroll","background-type":"","background-media":"","overlay-type":"","overlay-color":"","overlay-opacity":"","overlay-gradient":""}}},"product_brand":[],"product_cat":[32],"product_tag":[],"class_list":{"0":"post-2512","1":"product","2":"type-product","3":"status-publish","4":"has-post-thumbnail","6":"product_cat-vrida-light-extension-arm","7":"desktop-align-left","8":"tablet-align-left","9":"mobile-align-left","11":"first","12":"instock","13":"taxable","14":"shipping-taxable","15":"purchasable","16":"product-type-variable"},"yoast_head":"<!-- This site is optimized with the Yoast SEO plugin v27.5 - https:\/\/yoast.com\/product\/yoast-seo-wordpress\/ -->\n<title>Vrida Light extension arm - Vrida of Sweden<\/title>\n<meta name=\"description\" content=\"Vrida Light extension arm is our model that is in itself a luminaire and enables a more flexible furnishing where you can move the hanging lamp shade\" \/>\n<meta name=\"robots\" content=\"index, follow, max-snippet:-1, max-image-preview:large, max-video-preview:-1\" \/>\n<link rel=\"canonical\" href=\"https:\/\/www.vridaofsweden.com\/da\/vare\/vrida-light-forlaengerarm\/\" \/>\n<meta property=\"og:locale\" content=\"da_DK\" \/>\n<meta property=\"og:type\" content=\"article\" \/>\n<meta property=\"og:title\" content=\"Vrida Light extension arm - Vrida of Sweden\" \/>\n<meta property=\"og:description\" content=\"Vrida Light extension arm is our model that is in itself a luminaire and enables a more flexible furnishing where you can move the hanging lamp shade\" \/>\n<meta property=\"og:url\" content=\"https:\/\/www.vridaofsweden.com\/da\/vare\/vrida-light-forlaengerarm\/\" \/>\n<meta property=\"og:site_name\" content=\"Vrida of Sweden\" \/>\n<meta property=\"article:publisher\" content=\"https:\/\/www.facebook.com\/vridaofsweden\" \/>\n<meta property=\"article:modified_time\" content=\"2026-03-18T11:57:17+00:00\" \/>\n<meta property=\"og:image\" content=\"https:\/\/www.vridaofsweden.com\/wp-content\/uploads\/2024\/04\/Vrida-light-12meter-extension-arm-black-1.jpg\" \/>\n\t<meta property=\"og:image:width\" content=\"2000\" \/>\n\t<meta property=\"og:image:height\" content=\"2000\" \/>\n\t<meta property=\"og:image:type\" content=\"image\/jpeg\" \/>\n<meta name=\"twitter:card\" content=\"summary_large_image\" \/>\n<meta name=\"twitter:label1\" content=\"Estimeret l\u00e6setid\" \/>\n\t<meta name=\"twitter:data1\" content=\"5 minutter\" \/>\n<script type=\"application\/ld+json\" class=\"yoast-schema-graph\">{\"@context\":\"https:\\\/\\\/schema.org\",\"@graph\":[{\"@type\":\"WebPage\",\"@id\":\"https:\\\/\\\/www.vridaofsweden.com\\\/product\\\/vrida-light-extension-arm\\\/\",\"url\":\"https:\\\/\\\/www.vridaofsweden.com\\\/product\\\/vrida-light-extension-arm\\\/\",\"name\":\"Vrida Light extension arm - Vrida of Sweden\",\"isPartOf\":{\"@id\":\"https:\\\/\\\/www.vridaofsweden.com\\\/#website\"},\"primaryImageOfPage\":{\"@id\":\"https:\\\/\\\/www.vridaofsweden.com\\\/product\\\/vrida-light-extension-arm\\\/#primaryimage\"},\"image\":{\"@id\":\"https:\\\/\\\/www.vridaofsweden.com\\\/product\\\/vrida-light-extension-arm\\\/#primaryimage\"},\"thumbnailUrl\":\"https:\\\/\\\/www.vridaofsweden.com\\\/wp-content\\\/uploads\\\/2024\\\/04\\\/Vrida-light-12meter-extension-arm-black-1.jpg\",\"datePublished\":\"2023-12-07T12:48:02+00:00\",\"dateModified\":\"2026-03-18T11:57:17+00:00\",\"description\":\"Vrida Light extension arm is our model that is in itself a luminaire and enables a more flexible furnishing where you can move the hanging lamp shade\",\"breadcrumb\":{\"@id\":\"https:\\\/\\\/www.vridaofsweden.com\\\/product\\\/vrida-light-extension-arm\\\/#breadcrumb\"},\"inLanguage\":\"da-DK\",\"potentialAction\":[{\"@type\":\"ReadAction\",\"target\":[\"https:\\\/\\\/www.vridaofsweden.com\\\/product\\\/vrida-light-extension-arm\\\/\"]}]},{\"@type\":\"ImageObject\",\"inLanguage\":\"da-DK\",\"@id\":\"https:\\\/\\\/www.vridaofsweden.com\\\/product\\\/vrida-light-extension-arm\\\/#primaryimage\",\"url\":\"https:\\\/\\\/www.vridaofsweden.com\\\/wp-content\\\/uploads\\\/2024\\\/04\\\/Vrida-light-12meter-extension-arm-black-1.jpg\",\"contentUrl\":\"https:\\\/\\\/www.vridaofsweden.com\\\/wp-content\\\/uploads\\\/2024\\\/04\\\/Vrida-light-12meter-extension-arm-black-1.jpg\",\"width\":2000,\"height\":2000,\"caption\":\"Black extension arm made for changing the location of a hanging lamp shade\"},{\"@type\":\"BreadcrumbList\",\"@id\":\"https:\\\/\\\/www.vridaofsweden.com\\\/product\\\/vrida-light-extension-arm\\\/#breadcrumb\",\"itemListElement\":[{\"@type\":\"ListItem\",\"position\":1,\"name\":\"Home\",\"item\":\"https:\\\/\\\/www.vridaofsweden.com\\\/\"},{\"@type\":\"ListItem\",\"position\":2,\"name\":\"Shop\",\"item\":\"https:\\\/\\\/www.vridaofsweden.com\\\/shop\\\/\"},{\"@type\":\"ListItem\",\"position\":3,\"name\":\"Vrida Light extension arm\"}]},{\"@type\":\"WebSite\",\"@id\":\"https:\\\/\\\/www.vridaofsweden.com\\\/#website\",\"url\":\"https:\\\/\\\/www.vridaofsweden.com\\\/\",\"name\":\"Vrida of Sweden\",\"description\":\"move your pendant light\",\"publisher\":{\"@id\":\"https:\\\/\\\/www.vridaofsweden.com\\\/#organization\"},\"potentialAction\":[{\"@type\":\"SearchAction\",\"target\":{\"@type\":\"EntryPoint\",\"urlTemplate\":\"https:\\\/\\\/www.vridaofsweden.com\\\/?s={search_term_string}\"},\"query-input\":{\"@type\":\"PropertyValueSpecification\",\"valueRequired\":true,\"valueName\":\"search_term_string\"}}],\"inLanguage\":\"da-DK\"},{\"@type\":\"Organization\",\"@id\":\"https:\\\/\\\/www.vridaofsweden.com\\\/#organization\",\"name\":\"Vrida of Sweden\",\"url\":\"https:\\\/\\\/www.vridaofsweden.com\\\/\",\"logo\":{\"@type\":\"ImageObject\",\"inLanguage\":\"da-DK\",\"@id\":\"https:\\\/\\\/www.vridaofsweden.com\\\/#\\\/schema\\\/logo\\\/image\\\/\",\"url\":\"https:\\\/\\\/www.vridaofsweden.com\\\/wp-content\\\/uploads\\\/2023\\\/09\\\/Logotype-Vrida-PNG-1.png\",\"contentUrl\":\"https:\\\/\\\/www.vridaofsweden.com\\\/wp-content\\\/uploads\\\/2023\\\/09\\\/Logotype-Vrida-PNG-1.png\",\"width\":447,\"height\":254,\"caption\":\"Vrida of Sweden\"},\"image\":{\"@id\":\"https:\\\/\\\/www.vridaofsweden.com\\\/#\\\/schema\\\/logo\\\/image\\\/\"},\"sameAs\":[\"https:\\\/\\\/www.facebook.com\\\/vridaofsweden\",\"https:\\\/\\\/www.tiktok.com\\\/@vridaofsweden\",\"https:\\\/\\\/www.instagram.com\\\/vridaofsweden\\\/\"]}]}<\/script>\n<!-- \/ Yoast SEO plugin. -->","yoast_head_json":{"title":"Vrida Light forl\u00e6ngerarm - Vrida of Sweden","description":"Vrida Light-forl\u00e6ngerarm er vores model, der i sig selv er et armatur og muligg\u00f8r en mere fleksibel indretning, hvor du kan flytte den h\u00e6ngende lampesk\u00e6rm.","robots":{"index":"index","follow":"follow","max-snippet":"max-snippet:-1","max-image-preview":"max-image-preview:large","max-video-preview":"max-video-preview:-1"},"canonical":"https:\/\/www.vridaofsweden.com\/da\/vare\/vrida-light-forlaengerarm\/","og_locale":"da_DK","og_type":"article","og_title":"Vrida Light extension arm - Vrida of Sweden","og_description":"Vrida Light extension arm is our model that is in itself a luminaire and enables a more flexible furnishing where you can move the hanging lamp shade","og_url":"https:\/\/www.vridaofsweden.com\/da\/vare\/vrida-light-forlaengerarm\/","og_site_name":"Vrida of Sweden","article_publisher":"https:\/\/www.facebook.com\/vridaofsweden","article_modified_time":"2026-03-18T11:57:17+00:00","og_image":[{"width":2000,"height":2000,"url":"https:\/\/www.vridaofsweden.com\/wp-content\/uploads\/2024\/04\/Vrida-light-12meter-extension-arm-black-1.jpg","type":"image\/jpeg"}],"twitter_card":"summary_large_image","twitter_misc":{"Estimeret l\u00e6setid":"5 minutter"},"schema":{"@context":"https:\/\/schema.org","@graph":[{"@type":"WebPage","@id":"https:\/\/www.vridaofsweden.com\/product\/vrida-light-extension-arm\/","url":"https:\/\/www.vridaofsweden.com\/product\/vrida-light-extension-arm\/","name":"Vrida Light forl\u00e6ngerarm - Vrida of Sweden","isPartOf":{"@id":"https:\/\/www.vridaofsweden.com\/#website"},"primaryImageOfPage":{"@id":"https:\/\/www.vridaofsweden.com\/product\/vrida-light-extension-arm\/#primaryimage"},"image":{"@id":"https:\/\/www.vridaofsweden.com\/product\/vrida-light-extension-arm\/#primaryimage"},"thumbnailUrl":"https:\/\/www.vridaofsweden.com\/wp-content\/uploads\/2024\/04\/Vrida-light-12meter-extension-arm-black-1.jpg","datePublished":"2023-12-07T12:48:02+00:00","dateModified":"2026-03-18T11:57:17+00:00","description":"Vrida Light-forl\u00e6ngerarm er vores model, der i sig selv er et armatur og muligg\u00f8r en mere fleksibel indretning, hvor du kan flytte den h\u00e6ngende lampesk\u00e6rm.","breadcrumb":{"@id":"https:\/\/www.vridaofsweden.com\/product\/vrida-light-extension-arm\/#breadcrumb"},"inLanguage":"da-DK","potentialAction":[{"@type":"ReadAction","target":["https:\/\/www.vridaofsweden.com\/product\/vrida-light-extension-arm\/"]}]},{"@type":"ImageObject","inLanguage":"da-DK","@id":"https:\/\/www.vridaofsweden.com\/product\/vrida-light-extension-arm\/#primaryimage","url":"https:\/\/www.vridaofsweden.com\/wp-content\/uploads\/2024\/04\/Vrida-light-12meter-extension-arm-black-1.jpg","contentUrl":"https:\/\/www.vridaofsweden.com\/wp-content\/uploads\/2024\/04\/Vrida-light-12meter-extension-arm-black-1.jpg","width":2000,"height":2000,"caption":"Black extension arm made for changing the location of a hanging lamp shade"},{"@type":"BreadcrumbList","@id":"https:\/\/www.vridaofsweden.com\/product\/vrida-light-extension-arm\/#breadcrumb","itemListElement":[{"@type":"ListItem","position":1,"name":"Home","item":"https:\/\/www.vridaofsweden.com\/"},{"@type":"ListItem","position":2,"name":"Shop","item":"https:\/\/www.vridaofsweden.com\/shop\/"},{"@type":"ListItem","position":3,"name":"Vrida Light extension arm"}]},{"@type":"WebSite","@id":"https:\/\/www.vridaofsweden.com\/#website","url":"https:\/\/www.vridaofsweden.com\/","name":"Vrida of Sweden","description":"Flyt din pendel","publisher":{"@id":"https:\/\/www.vridaofsweden.com\/#organization"},"potentialAction":[{"@type":"SearchAction","target":{"@type":"EntryPoint","urlTemplate":"https:\/\/www.vridaofsweden.com\/?s={search_term_string}"},"query-input":{"@type":"PropertyValueSpecification","valueRequired":true,"valueName":"search_term_string"}}],"inLanguage":"da-DK"},{"@type":"Organization","@id":"https:\/\/www.vridaofsweden.com\/#organization","name":"Vrida of Sweden","url":"https:\/\/www.vridaofsweden.com\/","logo":{"@type":"ImageObject","inLanguage":"da-DK","@id":"https:\/\/www.vridaofsweden.com\/#\/schema\/logo\/image\/","url":"https:\/\/www.vridaofsweden.com\/wp-content\/uploads\/2023\/09\/Logotype-Vrida-PNG-1.png","contentUrl":"https:\/\/www.vridaofsweden.com\/wp-content\/uploads\/2023\/09\/Logotype-Vrida-PNG-1.png","width":447,"height":254,"caption":"Vrida of Sweden"},"image":{"@id":"https:\/\/www.vridaofsweden.com\/#\/schema\/logo\/image\/"},"sameAs":["https:\/\/www.facebook.com\/vridaofsweden","https:\/\/www.tiktok.com\/@vridaofsweden","https:\/\/www.instagram.com\/vridaofsweden\/"]}]}},"_links":{"self":[{"href":"https:\/\/www.vridaofsweden.com\/da\/wp-json\/wp\/v2\/product\/2512","targetHints":{"allow":["GET"]}}],"collection":[{"href":"https:\/\/www.vridaofsweden.com\/da\/wp-json\/wp\/v2\/product"}],"about":[{"href":"https:\/\/www.vridaofsweden.com\/da\/wp-json\/wp\/v2\/types\/product"}],"wp:featuredmedia":[{"embeddable":true,"href":"https:\/\/www.vridaofsweden.com\/da\/wp-json\/wp\/v2\/media\/3097"}],"wp:attachment":[{"href":"https:\/\/www.vridaofsweden.com\/da\/wp-json\/wp\/v2\/media?parent=2512"}],"wp:term":[{"taxonomy":"product_brand","embeddable":true,"href":"https:\/\/www.vridaofsweden.com\/da\/wp-json\/wp\/v2\/product_brand?post=2512"},{"taxonomy":"product_cat","embeddable":true,"href":"https:\/\/www.vridaofsweden.com\/da\/wp-json\/wp\/v2\/product_cat?post=2512"},{"taxonomy":"product_tag","embeddable":true,"href":"https:\/\/www.vridaofsweden.com\/da\/wp-json\/wp\/v2\/product_tag?post=2512"}],"curies":[{"name":"wp","href":"https:\/\/api.w.org\/{rel}","templated":true}]}}